{"id":53,"date":"2019-07-11T09:40:01","date_gmt":"2019-07-11T09:40:01","guid":{"rendered":"https:\/\/galerii.kirmus.ee\/elulood\/?page_id=53"},"modified":"2025-10-21T15:23:01","modified_gmt":"2025-10-21T15:23:01","slug":"voistlused","status":"publish","type":"page","link":"https:\/\/galerii.kirmus.ee\/elulood\/ajalugu-tegevus\/voistlused\/","title":{"rendered":"V\u00f5istlused"},"content":{"rendered":"\t\t<div data-elementor-type=\"wp-post\" data-elementor-id=\"53\" class=\"elementor elementor-53\">\n\t\t\t\t\t\t<section class=\"elementor-section elementor-top-section elementor-element elementor-element-9bb68c9 elementor-section-boxed elementor-section-height-default elementor-section-height-default\" data-id=\"9bb68c9\" data-element_type=\"section\">\n\t\t\t\t\t\t<div class=\"elementor-container elementor-column-gap-default\">\n\t\t\t\t\t<div class=\"elementor-column elementor-col-100 elementor-top-column elementor-element elementor-element-3090ab4\" data-id=\"3090ab4\" data-element_type=\"column\">\n\t\t\t<div class=\"elementor-widget-wrap elementor-element-populated\">\n\t\t\t\t\t\t<div class=\"elementor-element elementor-element-4b63bfc elementor-widget elementor-widget-text-editor\" data-id=\"4b63bfc\" data-element_type=\"widget\" data-widget_type=\"text-editor.default\">\n\t\t\t\t<div class=\"elementor-widget-container\">\n\t\t\t\t\t\t\t<p><strong>KOGUMISE ALGUS<\/strong><\/p><p>Kirjandusmuuseumi kultuuriloolise arhiivi (tookordne nimetus k\u00e4sikirjade osakond) <strong>esimene \u00fcleskutse \u201cKas sa m\u00e4letad oma elulugu?\u201d<\/strong> saadeti eestikeelsetele ajalehtedele ja suurematele venekeelsetele ajalehtedele <span class=\"orange\">1989.<\/span> aasta hilissuvel.<\/p><p>Selles selgitati l\u00fchidalt eluloo m\u00f5istet ja r\u00e4\u00e4giti elulugude kui \u00fchiskonna m\u00e4lu kogumise t\u00e4htsusest. Aasta l\u00f5puks laekus sadakond erineva pikkusega elulugu.<\/p><p>Esimestel kogumisaastatel avaldati ajalehes Postimees v\u00e4hemalt kord aastas korduvaid \u00fcleskutseid koos \u00fclevaatega kogumise k\u00e4igust, samuti ka elulugude katkendeid. Aastatel 1994-95 elulugude laekumine aeglustus.<\/p><p><span class=\"orange\">1995.<\/span> kogus Eesti Kirjandusmuuseumi kultuuriloolise arhiivi teadur Eve Annuk naiste elulugusid ja koostas esimese eluloovaliku <strong>\u201cEesti elulood. Naised k\u00f5nelevad\u201d<\/strong> <span class=\"orange\">(1997).<\/span><strong>\u00a0<\/strong><\/p>\t\t\t\t\t\t<\/div>\n\t\t\t\t<\/div>\n\t\t\t\t<div class=\"elementor-element elementor-element-2be18f5 elementor-widget elementor-widget-spacer\" data-id=\"2be18f5\" data-element_type=\"widget\" data-widget_type=\"spacer.default\">\n\t\t\t\t<div class=\"elementor-widget-container\">\n\t\t\t\t\t<div class=\"elementor-spacer\">\n\t\t\t<div class=\"elementor-spacer-inner\"><\/div>\n\t\t<\/div>\n\t\t\t\t<\/div>\n\t\t\t\t<\/div>\n\t\t\t\t\t<\/div>\n\t\t<\/div>\n\t\t\t\t\t<\/div>\n\t\t<\/section>\n\t\t\t\t<section class=\"elementor-section elementor-top-section elementor-element elementor-element-b824d04 elementor-section-boxed elementor-section-height-default elementor-section-height-default\" data-id=\"b824d04\" data-element_type=\"section\">\n\t\t\t\t\t\t<div class=\"elementor-container elementor-column-gap-default\">\n\t\t\t\t\t<div class=\"elementor-column elementor-col-100 elementor-top-column elementor-element elementor-element-1cb846d\" data-id=\"1cb846d\" data-element_type=\"column\">\n\t\t\t<div class=\"elementor-widget-wrap elementor-element-populated\">\n\t\t\t\t\t\t<div class=\"elementor-element elementor-element-3dc2fd3 elementor-widget elementor-widget-text-editor\" data-id=\"3dc2fd3\" data-element_type=\"widget\" data-widget_type=\"text-editor.default\">\n\t\t\t\t<div class=\"elementor-widget-container\">\n\t\t\t\t\t\t\t<p><strong>ELULOOV\u00d5ISTLUSED<\/strong><\/p><p><span class=\"orange\">1996<\/span>\u00a0<strong>\u201cElulood armastusest ja seksist\u201d<\/strong><\/p><p>Helsinki \u00fclikooli sotsiaalteadlaste v\u00f5rdleva elulooprojekti raames (soomlaste, eestlaste, leedulaste ja venelaste seksuaalk\u00e4itumine ja -kultuur eluloolise ainese p\u00f5hjal)\u00a0laekus 60 elulugu.<\/p><p>Nende p\u00f5hjal valmis Merle Karusoo menukas lavastus <strong>\u201cKured l\u00e4inud, kurjad ilmad\u201d<\/strong> ja <span class=\"orange\">1997.<\/span> a. ilmus Merle Karusoo koostatuna samanimeline 21 elulugu sisaldav elulooraamat.<\/p><p><span class=\"orange\">1996\u00a0s\u00fcgis \u2013\u00a01997\u00a0kevad<\/span> eluloov\u00f5istlus <strong>\u201cMinu ja minu l\u00e4hedaste saatus ajaloo keerdk\u00e4ikudes\u201d<\/strong>, laekus 262 t\u00f6\u00f6d (kokku ca 20 000 lk). Sellele v\u00f5istluse laekunud t\u00f6\u00f6de lehek\u00fclgede arv on k\u00f5ige suurem.<\/p>\t\t\t\t\t\t<\/div>\n\t\t\t\t<\/div>\n\t\t\t\t<div class=\"elementor-element elementor-element-d632ddd elementor-widget elementor-widget-text-editor\" data-id=\"d632ddd\" data-element_type=\"widget\" data-widget_type=\"text-editor.default\">\n\t\t\t\t<div class=\"elementor-widget-container\">\n\t\t\t\t\t\t\t<p>1998 s\u00fcgis \u2013 1999 kevad <strong>\u201cSajandi sada<\/strong> <strong>elulugu<\/strong>\u201d, laekus 232&nbsp;elulugu. Kogutu p\u00f5hjal ilmus 2000. aastal sajast eluloost koosnev 2-k\u00f6iteline tekstivalik <strong>\u201cEesti rahva elulood. Sajandi sada elulugu\u201d<\/strong>.<\/p>\n<p>2000 s\u00fcgis &#8211; 2001 kevad <strong>\u201cMinu ja minu pere elu Eesti NSV-s ja Eesti Vabariigis\u201d<\/strong>, laekus 330 elulugu. Kogutud elulugudest ilmus 2003. a. viisk\u00fcmmend elulugu sisaldav Eesti rahva elulugude&nbsp;III osa. (<strong>\u201cEesti rahva elulood. Elu Eesti NSV-s\u201d<\/strong>).<\/p>\n<p>2001 l\u00f5pp kuni 2002 algus &#8220;<strong>Minu elu 1968<\/strong>&#8220;<\/p>\n<p>2002 kuni 2003 algus &#8220;<strong>Minu elu ja patarei vangla<\/strong>&#8220;, laekus 112 elulugu<\/p>\n<p>2003 kuni 2004 algus &#8220;<strong>Minu elu saksa ajal<\/strong>&#8220;, laekus 190 elulugu<\/p>\n<p>2012 <strong>\u201cL\u00e4\u00e4nemeremaade \u00f5petajate elulood\u201d,<\/strong>&nbsp;algatajad Rootsi \u00f5petajate amet\u00fchingud, Eestist liitusid sellega Eesti Rahva Muuseum, Tallinna Pedagoogika \u00dclikool ja Kirjandusmuuseum. \u00dchise \u00fcleskutse tulemusel laekusid Kirjandusmuuseumi elulugude kogusse 28 \u00f5petaja elulood.<\/p>\n<p>2015. a detsembrist kuni 2017. a jaanuar &#8220;<strong>Eesti Vabariik 100. Minu elu ja armastus<\/strong>&#8220;<\/p>\n<p>2019 &#8220;<strong>M\u00e4lestused Tartust<\/strong>&#8220;<\/p>\n<p>2020 &#8220;<strong>Eriolukorra p\u00e4evikud ja m\u00e4lestused<\/strong>&#8220;<\/p>\n<p>2022 &#8220;<strong>Kirjad minu elus<\/strong>&#8220;, laekus 40 kirjavahetust ja 50 m\u00e4lestust kirjavahetuse pidamisest<\/p>\n<p>2023 &#8220;<strong>Lood s\u00f5jast<\/strong>&#8220;<\/p>\n<p>2025 &#8220;<strong>Raamatud minu elus<\/strong>&#8220;, &#8220;<b>Lauluraamatu lood<\/b>&#8220;<\/p>\t\t\t\t\t\t<\/div>\n\t\t\t\t<\/div>\n\t\t\t\t\t<\/div>\n\t\t<\/div>\n\t\t\t\t\t<\/div>\n\t\t<\/section>\n\t\t\t\t<\/div>\n\t\t","protected":false},"excerpt":{"rendered":"<p>KOGUMISE ALGUS Kirjandusmuuseumi kultuuriloolise arhiivi (tookordne nimetus k\u00e4sikirjade osakond) esimene \u00fcleskutse \u201cKas sa m\u00e4letad oma elulugu?\u201d saadeti eestikeelsetele ajalehtedele ja suurematele venekeelsetele ajalehtedele 1989. aasta hilissuvel. Selles selgitati l\u00fchidalt eluloo m\u00f5istet ja r\u00e4\u00e4giti elulugude kui \u00fchiskonna m\u00e4lu kogumise t\u00e4htsusest. Aasta l\u00f5puks laekus sadakond erineva pikkusega elulugu. Esimestel kogumisaastatel avaldati ajalehes Postimees v\u00e4hemalt kord aastas korduvaid [&hellip;]<\/p>\n","protected":false},"author":1,"featured_media":0,"parent":15,"menu_order":0,"comment_status":"closed","ping_status":"closed","template":"","meta":{"footnotes":""},"class_list":["post-53","page","type-page","status-publish","hentry"],"yoast_head":"<!-- This site is optimized with the Yoast SEO plugin v14.2 - https:\/\/yoast.com\/wordpress\/plugins\/seo\/ -->\n<meta name=\"robots\" content=\"index, follow\" \/>\n<meta name=\"googlebot\" content=\"index, follow, max-snippet:-1, max-image-preview:large, max-video-preview:-1\" \/>\n<meta name=\"bingbot\" content=\"index, follow, max-snippet:-1, max-image-preview:large, max-video-preview:-1\" \/>\n<link rel=\"canonical\" href=\"https:\/\/galerii.kirmus.ee\/elulood\/ajalugu-tegevus\/voistlused\/\" \/>\n<meta property=\"og:locale\" content=\"en_US\" \/>\n<meta property=\"og:type\" content=\"article\" \/>\n<meta property=\"og:title\" content=\"V\u00f5istlused &ndash; \u00dchendus Eesti Elulood\" \/>\n<meta property=\"og:description\" content=\"KOGUMISE ALGUS Kirjandusmuuseumi kultuuriloolise arhiivi (tookordne nimetus k\u00e4sikirjade osakond) esimene \u00fcleskutse \u201cKas sa m\u00e4letad oma elulugu?\u201d saadeti eestikeelsetele ajalehtedele ja suurematele venekeelsetele ajalehtedele 1989. aasta hilissuvel. Selles selgitati l\u00fchidalt eluloo m\u00f5istet ja r\u00e4\u00e4giti elulugude kui \u00fchiskonna m\u00e4lu kogumise t\u00e4htsusest. Aasta l\u00f5puks laekus sadakond erineva pikkusega elulugu. Esimestel kogumisaastatel avaldati ajalehes Postimees v\u00e4hemalt kord aastas korduvaid [&hellip;]\" \/>\n<meta property=\"og:url\" content=\"https:\/\/galerii.kirmus.ee\/elulood\/ajalugu-tegevus\/voistlused\/\" \/>\n<meta property=\"og:site_name\" content=\"\u00dchendus Eesti Elulood\" \/>\n<meta property=\"article:publisher\" content=\"https:\/\/www.facebook.com\/eestielulood\/\" \/>\n<meta property=\"article:modified_time\" content=\"2025-10-21T15:23:01+00:00\" \/>\n<meta name=\"twitter:card\" content=\"summary_large_image\" \/>\n<script type=\"application\/ld+json\" class=\"yoast-schema-graph\">{\"@context\":\"https:\/\/schema.org\",\"@graph\":[{\"@type\":\"Organization\",\"@id\":\"https:\/\/galerii.kirmus.ee\/elulood\/#organization\",\"name\":\"\\u00dchendus Eesti Elulood\",\"url\":\"https:\/\/galerii.kirmus.ee\/elulood\/\",\"sameAs\":[\"https:\/\/www.facebook.com\/eestielulood\/\"],\"logo\":{\"@type\":\"ImageObject\",\"@id\":\"https:\/\/galerii.kirmus.ee\/elulood\/#logo\",\"inLanguage\":\"en-US\",\"url\":\"https:\/\/galerii.kirmus.ee\/elulood\/wp-content\/uploads\/2020\/02\/Kirjandusmuuseum_logo@2x.png\",\"width\":598,\"height\":161,\"caption\":\"\\u00dchendus Eesti Elulood\"},\"image\":{\"@id\":\"https:\/\/galerii.kirmus.ee\/elulood\/#logo\"}},{\"@type\":\"WebSite\",\"@id\":\"https:\/\/galerii.kirmus.ee\/elulood\/#website\",\"url\":\"https:\/\/galerii.kirmus.ee\/elulood\/\",\"name\":\"\\u00dchendus Eesti Elulood\",\"description\":\"\\u00dchendus Eesti Elulood - Elulugu on midagi \\u00f5rna ja intiimset, soov avalikustada on tavaliselt lahutamatu varjamise soovist\",\"publisher\":{\"@id\":\"https:\/\/galerii.kirmus.ee\/elulood\/#organization\"},\"potentialAction\":[{\"@type\":\"SearchAction\",\"target\":\"https:\/\/galerii.kirmus.ee\/elulood\/?s={search_term_string}\",\"query-input\":\"required name=search_term_string\"}],\"inLanguage\":\"en-US\"},{\"@type\":\"WebPage\",\"@id\":\"https:\/\/galerii.kirmus.ee\/elulood\/ajalugu-tegevus\/voistlused\/#webpage\",\"url\":\"https:\/\/galerii.kirmus.ee\/elulood\/ajalugu-tegevus\/voistlused\/\",\"name\":\"V\\u00f5istlused &ndash; \\u00dchendus Eesti Elulood\",\"isPartOf\":{\"@id\":\"https:\/\/galerii.kirmus.ee\/elulood\/#website\"},\"datePublished\":\"2019-07-11T09:40:01+00:00\",\"dateModified\":\"2025-10-21T15:23:01+00:00\",\"inLanguage\":\"en-US\",\"potentialAction\":[{\"@type\":\"ReadAction\",\"target\":[\"https:\/\/galerii.kirmus.ee\/elulood\/ajalugu-tegevus\/voistlused\/\"]}]}]}<\/script>\n<!-- \/ Yoast SEO plugin. -->","_links":{"self":[{"href":"https:\/\/galerii.kirmus.ee\/elulood\/wp-json\/wp\/v2\/pages\/53"}],"collection":[{"href":"https:\/\/galerii.kirmus.ee\/elulood\/wp-json\/wp\/v2\/pages"}],"about":[{"href":"https:\/\/galerii.kirmus.ee\/elulood\/wp-json\/wp\/v2\/types\/page"}],"author":[{"embeddable":true,"href":"https:\/\/galerii.kirmus.ee\/elulood\/wp-json\/wp\/v2\/users\/1"}],"replies":[{"embeddable":true,"href":"https:\/\/galerii.kirmus.ee\/elulood\/wp-json\/wp\/v2\/comments?post=53"}],"version-history":[{"count":53,"href":"https:\/\/galerii.kirmus.ee\/elulood\/wp-json\/wp\/v2\/pages\/53\/revisions"}],"predecessor-version":[{"id":661,"href":"https:\/\/galerii.kirmus.ee\/elulood\/wp-json\/wp\/v2\/pages\/53\/revisions\/661"}],"up":[{"embeddable":true,"href":"https:\/\/galerii.kirmus.ee\/elulood\/wp-json\/wp\/v2\/pages\/15"}],"wp:attachment":[{"href":"https:\/\/galerii.kirmus.ee\/elulood\/wp-json\/wp\/v2\/media?parent=53"}],"curies":[{"name":"wp","href":"https:\/\/api.w.org\/{rel}","templated":true}]}}