{"id":365,"date":"2020-02-20T08:57:30","date_gmt":"2020-02-20T08:57:30","guid":{"rendered":"https:\/\/galerii.kirmus.ee\/elulood\/?page_id=365"},"modified":"2025-08-12T11:52:59","modified_gmt":"2025-08-12T11:52:59","slug":"abimaterjalid","status":"publish","type":"page","link":"https:\/\/galerii.kirmus.ee\/elulood\/abimaterjalid\/","title":{"rendered":"Abimaterjalid"},"content":{"rendered":"\t\t<div data-elementor-type=\"wp-page\" data-elementor-id=\"365\" class=\"elementor elementor-365\">\n\t\t\t\t\t\t<section class=\"elementor-section elementor-top-section elementor-element elementor-element-505960c elementor-section-boxed elementor-section-height-default elementor-section-height-default\" data-id=\"505960c\" data-element_type=\"section\">\n\t\t\t\t\t\t<div class=\"elementor-container elementor-column-gap-default\">\n\t\t\t\t\t<div class=\"elementor-column elementor-col-100 elementor-top-column elementor-element elementor-element-0e7367c\" data-id=\"0e7367c\" data-element_type=\"column\">\n\t\t\t<div class=\"elementor-widget-wrap elementor-element-populated\">\n\t\t\t\t\t\t<div class=\"elementor-element elementor-element-2d225c0 elementor-widget elementor-widget-spacer\" data-id=\"2d225c0\" data-element_type=\"widget\" data-widget_type=\"spacer.default\">\n\t\t\t\t<div class=\"elementor-widget-container\">\n\t\t\t\t\t<div class=\"elementor-spacer\">\n\t\t\t<div class=\"elementor-spacer-inner\"><\/div>\n\t\t<\/div>\n\t\t\t\t<\/div>\n\t\t\t\t<\/div>\n\t\t\t\t<div class=\"elementor-element elementor-element-e89902e elementor-widget elementor-widget-text-editor\" data-id=\"e89902e\" data-element_type=\"widget\" data-widget_type=\"text-editor.default\">\n\t\t\t\t<div class=\"elementor-widget-container\">\n\t\t\t\t\t\t\t<p><strong>Artiklid raamatust &#8220;V\u00f5im ja Kultuur&#8221; (Tartu, Eesti Kirjandusmuuseum, 2003)<\/strong><\/p><p><a href=\"\/elulood\/eesti-elulugude-kogu-ja-selle-uurimise-perspektiive\/\" target=\"_blank\" rel=\"noopener\">Eesti elulugude kogu ja selle uurimise perspektiive<\/a><\/p><p><a href=\"\/elulood\/kolm-eesti-naist-elulugudes\/\" target=\"_blank\" rel=\"noopener\">Kolm Eesti naist elulugudes<\/a><\/p><p><strong><br \/>Artikkel raamatust \u201cP\u00e4rimus ja t\u00f5lgendus&#8221;<\/strong><strong> (Tartu \u00dclikooli kirjastus, 2003)<\/strong><\/p><p><a href=\"\/elulood\/see-koik-oli-nii-nagu-tundsin-ja-motlesin\/\" target=\"_blank\" rel=\"noopener\">See k\u00f5ik oli nii, nagu tundsin ja m\u00f5tlesin<\/a><\/p>\t\t\t\t\t\t<\/div>\n\t\t\t\t<\/div>\n\t\t\t\t\t<\/div>\n\t\t<\/div>\n\t\t\t\t\t<\/div>\n\t\t<\/section>\n\t\t\t\t<\/div>\n\t\t","protected":false},"excerpt":{"rendered":"<p>Artiklid raamatust &#8220;V\u00f5im ja Kultuur&#8221; (Tartu, Eesti Kirjandusmuuseum, 2003) Eesti elulugude kogu ja selle uurimise perspektiive Kolm Eesti naist elulugudes Artikkel raamatust \u201cP\u00e4rimus ja t\u00f5lgendus&#8221; (Tartu \u00dclikooli kirjastus, 2003) See k\u00f5ik oli nii, nagu tundsin ja m\u00f5tlesin<\/p>\n","protected":false},"author":1,"featured_media":0,"parent":0,"menu_order":0,"comment_status":"closed","ping_status":"closed","template":"","meta":{"footnotes":""},"class_list":["post-365","page","type-page","status-publish","hentry"],"yoast_head":"<!-- This site is optimized with the Yoast SEO plugin v14.2 - https:\/\/yoast.com\/wordpress\/plugins\/seo\/ -->\n<meta name=\"robots\" content=\"index, follow\" \/>\n<meta name=\"googlebot\" content=\"index, follow, max-snippet:-1, max-image-preview:large, max-video-preview:-1\" \/>\n<meta name=\"bingbot\" content=\"index, follow, max-snippet:-1, max-image-preview:large, max-video-preview:-1\" \/>\n<link rel=\"canonical\" href=\"https:\/\/galerii.kirmus.ee\/elulood\/abimaterjalid\/\" \/>\n<meta property=\"og:locale\" content=\"en_US\" \/>\n<meta property=\"og:type\" content=\"article\" \/>\n<meta property=\"og:title\" content=\"Abimaterjalid &ndash; \u00dchendus Eesti Elulood\" \/>\n<meta property=\"og:description\" content=\"Artiklid raamatust &#8220;V\u00f5im ja Kultuur&#8221; (Tartu, Eesti Kirjandusmuuseum, 2003) Eesti elulugude kogu ja selle uurimise perspektiive Kolm Eesti naist elulugudes Artikkel raamatust \u201cP\u00e4rimus ja t\u00f5lgendus&#8221; (Tartu \u00dclikooli kirjastus, 2003) See k\u00f5ik oli nii, nagu tundsin ja m\u00f5tlesin\" \/>\n<meta property=\"og:url\" content=\"https:\/\/galerii.kirmus.ee\/elulood\/abimaterjalid\/\" \/>\n<meta property=\"og:site_name\" content=\"\u00dchendus Eesti Elulood\" \/>\n<meta property=\"article:publisher\" content=\"https:\/\/www.facebook.com\/eestielulood\/\" \/>\n<meta property=\"article:modified_time\" content=\"2025-08-12T11:52:59+00:00\" \/>\n<meta name=\"twitter:card\" content=\"summary_large_image\" \/>\n<script type=\"application\/ld+json\" class=\"yoast-schema-graph\">{\"@context\":\"https:\/\/schema.org\",\"@graph\":[{\"@type\":\"Organization\",\"@id\":\"https:\/\/galerii.kirmus.ee\/elulood\/#organization\",\"name\":\"\\u00dchendus Eesti Elulood\",\"url\":\"https:\/\/galerii.kirmus.ee\/elulood\/\",\"sameAs\":[\"https:\/\/www.facebook.com\/eestielulood\/\"],\"logo\":{\"@type\":\"ImageObject\",\"@id\":\"https:\/\/galerii.kirmus.ee\/elulood\/#logo\",\"inLanguage\":\"en-US\",\"url\":\"https:\/\/galerii.kirmus.ee\/elulood\/wp-content\/uploads\/2020\/02\/Kirjandusmuuseum_logo@2x.png\",\"width\":598,\"height\":161,\"caption\":\"\\u00dchendus Eesti Elulood\"},\"image\":{\"@id\":\"https:\/\/galerii.kirmus.ee\/elulood\/#logo\"}},{\"@type\":\"WebSite\",\"@id\":\"https:\/\/galerii.kirmus.ee\/elulood\/#website\",\"url\":\"https:\/\/galerii.kirmus.ee\/elulood\/\",\"name\":\"\\u00dchendus Eesti Elulood\",\"description\":\"\\u00dchendus Eesti Elulood - Elulugu on midagi \\u00f5rna ja intiimset, soov avalikustada on tavaliselt lahutamatu varjamise soovist\",\"publisher\":{\"@id\":\"https:\/\/galerii.kirmus.ee\/elulood\/#organization\"},\"potentialAction\":[{\"@type\":\"SearchAction\",\"target\":\"https:\/\/galerii.kirmus.ee\/elulood\/?s={search_term_string}\",\"query-input\":\"required name=search_term_string\"}],\"inLanguage\":\"en-US\"},{\"@type\":\"WebPage\",\"@id\":\"https:\/\/galerii.kirmus.ee\/elulood\/abimaterjalid\/#webpage\",\"url\":\"https:\/\/galerii.kirmus.ee\/elulood\/abimaterjalid\/\",\"name\":\"Abimaterjalid &ndash; \\u00dchendus Eesti Elulood\",\"isPartOf\":{\"@id\":\"https:\/\/galerii.kirmus.ee\/elulood\/#website\"},\"datePublished\":\"2020-02-20T08:57:30+00:00\",\"dateModified\":\"2025-08-12T11:52:59+00:00\",\"inLanguage\":\"en-US\",\"potentialAction\":[{\"@type\":\"ReadAction\",\"target\":[\"https:\/\/galerii.kirmus.ee\/elulood\/abimaterjalid\/\"]}]}]}<\/script>\n<!-- \/ Yoast SEO plugin. -->","_links":{"self":[{"href":"https:\/\/galerii.kirmus.ee\/elulood\/wp-json\/wp\/v2\/pages\/365"}],"collection":[{"href":"https:\/\/galerii.kirmus.ee\/elulood\/wp-json\/wp\/v2\/pages"}],"about":[{"href":"https:\/\/galerii.kirmus.ee\/elulood\/wp-json\/wp\/v2\/types\/page"}],"author":[{"embeddable":true,"href":"https:\/\/galerii.kirmus.ee\/elulood\/wp-json\/wp\/v2\/users\/1"}],"replies":[{"embeddable":true,"href":"https:\/\/galerii.kirmus.ee\/elulood\/wp-json\/wp\/v2\/comments?post=365"}],"version-history":[{"count":21,"href":"https:\/\/galerii.kirmus.ee\/elulood\/wp-json\/wp\/v2\/pages\/365\/revisions"}],"predecessor-version":[{"id":621,"href":"https:\/\/galerii.kirmus.ee\/elulood\/wp-json\/wp\/v2\/pages\/365\/revisions\/621"}],"wp:attachment":[{"href":"https:\/\/galerii.kirmus.ee\/elulood\/wp-json\/wp\/v2\/media?parent=365"}],"curies":[{"name":"wp","href":"https:\/\/api.w.org\/{rel}","templated":true}]}}