{"id":15,"date":"2019-07-01T10:18:33","date_gmt":"2019-07-01T10:18:33","guid":{"rendered":"https:\/\/galerii.kirmus.ee\/elulood\/?page_id=15"},"modified":"2025-07-17T07:29:25","modified_gmt":"2025-07-17T07:29:25","slug":"ajalugu-tegevus","status":"publish","type":"page","link":"https:\/\/galerii.kirmus.ee\/elulood\/ajalugu-tegevus\/","title":{"rendered":"Ajalugu ja tegevus"},"content":{"rendered":"\t\t<div data-elementor-type=\"wp-post\" data-elementor-id=\"15\" class=\"elementor elementor-15\">\n\t\t\t\t\t\t<section class=\"elementor-section elementor-top-section elementor-element elementor-element-9c60bcb elementor-section-boxed elementor-section-height-default elementor-section-height-default\" data-id=\"9c60bcb\" data-element_type=\"section\">\n\t\t\t\t\t\t<div class=\"elementor-container elementor-column-gap-default\">\n\t\t\t\t\t<div class=\"elementor-column elementor-col-100 elementor-top-column elementor-element elementor-element-2a7c722\" data-id=\"2a7c722\" data-element_type=\"column\">\n\t\t\t<div class=\"elementor-widget-wrap elementor-element-populated\">\n\t\t\t\t\t\t<div class=\"elementor-element elementor-element-7b10439 elementor-widget elementor-widget-image\" data-id=\"7b10439\" data-element_type=\"widget\" data-widget_type=\"image.default\">\n\t\t\t\t<div class=\"elementor-widget-container\">\n\t\t\t\t\t\t\t\t\t\t\t\t\t<img fetchpriority=\"high\" decoding=\"async\" width=\"768\" height=\"458\" src=\"https:\/\/galerii.kirmus.ee\/elulood\/wp-content\/uploads\/2019\/07\/elulood_foto.jpg\" class=\"attachment-large size-large wp-image-59\" alt=\"\" srcset=\"https:\/\/galerii.kirmus.ee\/elulood\/wp-content\/uploads\/2019\/07\/elulood_foto.jpg 768w, https:\/\/galerii.kirmus.ee\/elulood\/wp-content\/uploads\/2019\/07\/elulood_foto-300x179.jpg 300w\" sizes=\"(max-width: 768px) 100vw, 768px\" \/>\t\t\t\t\t\t\t\t\t\t\t\t\t<\/div>\n\t\t\t\t<\/div>\n\t\t\t\t\t<\/div>\n\t\t<\/div>\n\t\t\t\t\t<\/div>\n\t\t<\/section>\n\t\t\t\t<section class=\"elementor-section elementor-top-section elementor-element elementor-element-68726af elementor-section-boxed elementor-section-height-default elementor-section-height-default\" data-id=\"68726af\" data-element_type=\"section\">\n\t\t\t\t\t\t<div class=\"elementor-container elementor-column-gap-default\">\n\t\t\t\t\t<div class=\"elementor-column elementor-col-100 elementor-top-column elementor-element elementor-element-abdd50c\" data-id=\"abdd50c\" data-element_type=\"column\">\n\t\t\t<div class=\"elementor-widget-wrap elementor-element-populated\">\n\t\t\t\t\t\t<div class=\"elementor-element elementor-element-ac200ed elementor-widget elementor-widget-text-editor\" data-id=\"ac200ed\" data-element_type=\"widget\" data-widget_type=\"text-editor.default\">\n\t\t\t\t<div class=\"elementor-widget-container\">\n\t\t\t\t\t\t\t<p><span class=\"orange\">1995.<\/span> a kevadel korraldas Kirjandusmuuseum seminari<strong> \u201cEesti elulugu\u201d,\u00a0<\/strong>millest v\u00f5ttis osa Euroopa elulugude Assotsiatsiooni president Helsinki \u00fclikooli professor J. P. Roos. Konverentsi l\u00f5pul tegi Marju Lauristin ettepaneku asutada elulooselts.<\/p><p>\u00dchendus Eesti Elulood ametlik asutamine toimus <span class=\"orange\">6. m\u00e4rtsil\u00a01996.<\/span><\/p><p>Elulugude kogus on praegu \u00fcmmarguselt kaks tuhat erinevat elulooteksti. Arv suureneb pidevalt. Elulood varieeruvad pikkuse ja \u017eanritunnuste poolest, ulatudes m\u00f5nelehek\u00fcljelisest konspektidest sadadesse lehek\u00fclgedesse ulatuvate pikkade mikroajaloo aruanneteni, m\u00e4lestuskatkenditega t\u00e4iendatud sugupuudest mitmesuguste dokumentidega t\u00e4iendatud perekonnakroonikateni. Domineerib paarik\u00fcmne kuni saja lehek\u00fcljeline elulugu. Lisades alates 1990.ndatest aastatest kogutud elulugudele ka varasemail k\u00fcmnendeil kogutud m\u00e4lestused, p\u00e4evikud jt autobiograafilised tekstid ja EKLA-sse deponeeritud Eesti Muinsuskaitse Seltsi ca 1800-st s\u00e4ilikust koosneva kogu v\u00f5ime nentida, et Eesti Kirjandusmuuseumi kultuuriloolises arhiivis s\u00e4ilitatakse ajaloolise m\u00e4lu lademena v\u00e4hemalt neli tuhat s\u00e4ilikut elulugusid, m\u00e4lestusi, eluloofrgmene jt autobiograafilisi materjale.<\/p>\t\t\t\t\t\t<\/div>\n\t\t\t\t<\/div>\n\t\t\t\t\t<\/div>\n\t\t<\/div>\n\t\t\t\t\t<\/div>\n\t\t<\/section>\n\t\t\t\t<\/div>\n\t\t","protected":false},"excerpt":{"rendered":"<p>1995. a kevadel korraldas Kirjandusmuuseum seminari \u201cEesti elulugu\u201d,\u00a0millest v\u00f5ttis osa Euroopa elulugude Assotsiatsiooni president Helsinki \u00fclikooli professor J. P. Roos. Konverentsi l\u00f5pul tegi Marju Lauristin ettepaneku asutada elulooselts. \u00dchendus Eesti Elulood ametlik asutamine toimus 6. m\u00e4rtsil\u00a01996. Elulugude kogus on praegu \u00fcmmarguselt kaks tuhat erinevat elulooteksti. Arv suureneb pidevalt. Elulood varieeruvad pikkuse ja \u017eanritunnuste poolest, ulatudes [&hellip;]<\/p>\n","protected":false},"author":1,"featured_media":0,"parent":0,"menu_order":0,"comment_status":"closed","ping_status":"closed","template":"","meta":{"footnotes":""},"class_list":["post-15","page","type-page","status-publish","hentry"],"yoast_head":"<!-- This site is optimized with the Yoast SEO plugin v14.2 - https:\/\/yoast.com\/wordpress\/plugins\/seo\/ -->\n<meta name=\"robots\" content=\"index, follow\" \/>\n<meta name=\"googlebot\" content=\"index, follow, max-snippet:-1, max-image-preview:large, max-video-preview:-1\" \/>\n<meta name=\"bingbot\" content=\"index, follow, max-snippet:-1, max-image-preview:large, max-video-preview:-1\" \/>\n<link rel=\"canonical\" href=\"https:\/\/galerii.kirmus.ee\/elulood\/ajalugu-tegevus\/\" \/>\n<meta property=\"og:locale\" content=\"en_US\" \/>\n<meta property=\"og:type\" content=\"article\" \/>\n<meta property=\"og:title\" content=\"Ajalugu ja tegevus &ndash; \u00dchendus Eesti Elulood\" \/>\n<meta property=\"og:description\" content=\"1995. a kevadel korraldas Kirjandusmuuseum seminari \u201cEesti elulugu\u201d,\u00a0millest v\u00f5ttis osa Euroopa elulugude Assotsiatsiooni president Helsinki \u00fclikooli professor J. P. Roos. Konverentsi l\u00f5pul tegi Marju Lauristin ettepaneku asutada elulooselts. \u00dchendus Eesti Elulood ametlik asutamine toimus 6. m\u00e4rtsil\u00a01996. Elulugude kogus on praegu \u00fcmmarguselt kaks tuhat erinevat elulooteksti. Arv suureneb pidevalt. Elulood varieeruvad pikkuse ja \u017eanritunnuste poolest, ulatudes [&hellip;]\" \/>\n<meta property=\"og:url\" content=\"https:\/\/galerii.kirmus.ee\/elulood\/ajalugu-tegevus\/\" \/>\n<meta property=\"og:site_name\" content=\"\u00dchendus Eesti Elulood\" \/>\n<meta property=\"article:publisher\" content=\"https:\/\/www.facebook.com\/eestielulood\/\" \/>\n<meta property=\"article:modified_time\" content=\"2025-07-17T07:29:25+00:00\" \/>\n<meta property=\"og:image\" content=\"https:\/\/galerii.kirmus.ee\/elulood\/wp-content\/uploads\/2019\/07\/elulood_foto.jpg\" \/>\n<meta name=\"twitter:card\" content=\"summary_large_image\" \/>\n<script type=\"application\/ld+json\" class=\"yoast-schema-graph\">{\"@context\":\"https:\/\/schema.org\",\"@graph\":[{\"@type\":\"Organization\",\"@id\":\"https:\/\/galerii.kirmus.ee\/elulood\/#organization\",\"name\":\"\\u00dchendus Eesti Elulood\",\"url\":\"https:\/\/galerii.kirmus.ee\/elulood\/\",\"sameAs\":[\"https:\/\/www.facebook.com\/eestielulood\/\"],\"logo\":{\"@type\":\"ImageObject\",\"@id\":\"https:\/\/galerii.kirmus.ee\/elulood\/#logo\",\"inLanguage\":\"en-US\",\"url\":\"https:\/\/galerii.kirmus.ee\/elulood\/wp-content\/uploads\/2020\/02\/Kirjandusmuuseum_logo@2x.png\",\"width\":598,\"height\":161,\"caption\":\"\\u00dchendus Eesti Elulood\"},\"image\":{\"@id\":\"https:\/\/galerii.kirmus.ee\/elulood\/#logo\"}},{\"@type\":\"WebSite\",\"@id\":\"https:\/\/galerii.kirmus.ee\/elulood\/#website\",\"url\":\"https:\/\/galerii.kirmus.ee\/elulood\/\",\"name\":\"\\u00dchendus Eesti Elulood\",\"description\":\"\\u00dchendus Eesti Elulood - Elulugu on midagi \\u00f5rna ja intiimset, soov avalikustada on tavaliselt lahutamatu varjamise soovist\",\"publisher\":{\"@id\":\"https:\/\/galerii.kirmus.ee\/elulood\/#organization\"},\"potentialAction\":[{\"@type\":\"SearchAction\",\"target\":\"https:\/\/galerii.kirmus.ee\/elulood\/?s={search_term_string}\",\"query-input\":\"required name=search_term_string\"}],\"inLanguage\":\"en-US\"},{\"@type\":\"ImageObject\",\"@id\":\"https:\/\/galerii.kirmus.ee\/elulood\/ajalugu-tegevus\/#primaryimage\",\"inLanguage\":\"en-US\",\"url\":\"https:\/\/galerii.kirmus.ee\/elulood\/wp-content\/uploads\/2019\/07\/elulood_foto.jpg\",\"width\":768,\"height\":458},{\"@type\":\"WebPage\",\"@id\":\"https:\/\/galerii.kirmus.ee\/elulood\/ajalugu-tegevus\/#webpage\",\"url\":\"https:\/\/galerii.kirmus.ee\/elulood\/ajalugu-tegevus\/\",\"name\":\"Ajalugu ja tegevus &ndash; \\u00dchendus Eesti Elulood\",\"isPartOf\":{\"@id\":\"https:\/\/galerii.kirmus.ee\/elulood\/#website\"},\"primaryImageOfPage\":{\"@id\":\"https:\/\/galerii.kirmus.ee\/elulood\/ajalugu-tegevus\/#primaryimage\"},\"datePublished\":\"2019-07-01T10:18:33+00:00\",\"dateModified\":\"2025-07-17T07:29:25+00:00\",\"inLanguage\":\"en-US\",\"potentialAction\":[{\"@type\":\"ReadAction\",\"target\":[\"https:\/\/galerii.kirmus.ee\/elulood\/ajalugu-tegevus\/\"]}]}]}<\/script>\n<!-- \/ Yoast SEO plugin. -->","_links":{"self":[{"href":"https:\/\/galerii.kirmus.ee\/elulood\/wp-json\/wp\/v2\/pages\/15"}],"collection":[{"href":"https:\/\/galerii.kirmus.ee\/elulood\/wp-json\/wp\/v2\/pages"}],"about":[{"href":"https:\/\/galerii.kirmus.ee\/elulood\/wp-json\/wp\/v2\/types\/page"}],"author":[{"embeddable":true,"href":"https:\/\/galerii.kirmus.ee\/elulood\/wp-json\/wp\/v2\/users\/1"}],"replies":[{"embeddable":true,"href":"https:\/\/galerii.kirmus.ee\/elulood\/wp-json\/wp\/v2\/comments?post=15"}],"version-history":[{"count":26,"href":"https:\/\/galerii.kirmus.ee\/elulood\/wp-json\/wp\/v2\/pages\/15\/revisions"}],"predecessor-version":[{"id":593,"href":"https:\/\/galerii.kirmus.ee\/elulood\/wp-json\/wp\/v2\/pages\/15\/revisions\/593"}],"wp:attachment":[{"href":"https:\/\/galerii.kirmus.ee\/elulood\/wp-json\/wp\/v2\/media?parent=15"}],"curies":[{"name":"wp","href":"https:\/\/api.w.org\/{rel}","templated":true}]}}